
{"id":4900,"date":"2021-04-08T12:20:44","date_gmt":"2021-04-08T10:20:44","guid":{"rendered":"https:\/\/euwww.eu\/impressum\/"},"modified":"2022-02-25T12:48:22","modified_gmt":"2022-02-25T11:48:22","slug":"impressum","status":"publish","type":"page","link":"https:\/\/euwww.eu\/cs\/impressum\/","title":{"rendered":"Impressum"},"content":{"rendered":"\t\t<div data-elementor-type=\"wp-page\" data-elementor-id=\"4900\" class=\"elementor elementor-4900 elementor-4139\" data-elementor-post-type=\"page\">\n\t\t\t\t\t\t<section class=\"elementor-section elementor-top-section elementor-element elementor-element-65e24922 elementor-section-boxed elementor-section-height-default elementor-section-height-default\" data-id=\"65e24922\" data-element_type=\"section\">\n\t\t\t\t\t\t<div class=\"elementor-container elementor-column-gap-default\">\n\t\t\t\t\t<div class=\"elementor-column elementor-col-100 elementor-top-column elementor-element elementor-element-72f0e319\" data-id=\"72f0e319\" data-element_type=\"column\">\n\t\t\t<div class=\"elementor-widget-wrap elementor-element-populated\">\n\t\t\t\t\t\t<div class=\"elementor-element elementor-element-4d23020 elementor-widget elementor-widget-heading\" data-id=\"4d23020\" data-element_type=\"widget\" data-widget_type=\"heading.default\">\n\t\t\t\t<div class=\"elementor-widget-container\">\n\t\t\t<h2 class=\"elementor-heading-title elementor-size-default\">IMPRESSUM<\/h2>\t\t<\/div>\n\t\t\t\t<\/div>\n\t\t\t\t<div class=\"elementor-element elementor-element-56c84ccd elementor-widget elementor-widget-text-editor\" data-id=\"56c84ccd\" data-element_type=\"widget\" data-widget_type=\"text-editor.default\">\n\t\t\t\t<div class=\"elementor-widget-container\">\n\t\t\t\t\t\t\t<p><strong>Europa-Union Bayern e.V<\/strong>.<\/p><p style=\"text-align: left;\">Registra\u010dn\u00ed \u010d\u00edslo sdru\u017een\u00ed: VR4828<\/p><p style=\"text-align: left;\">Adresa: Oberanger 32, 80331 Mnichov, N\u011bmecko<br \/>Po\u0161tovn\u00ed adresa: P.O. Box 330420, 80064 Mnichov<\/p><p><img decoding=\"async\" src=\"https:\/\/euwww.eu\/wp-content\/uploads\/2022\/01\/T_E_EUWWW.jpg\" alt=\"\" width=\"216\" height=\"70\" \/><\/p><p>Kontakt Evropsk\u00e1 hodnotov\u00e1 turistick\u00e1 stezka: werteweg@eu-bayern.de<\/p><p style=\"text-align: left;\"><strong>Osoba odpov\u011bdn\u00e1 za obsah podle paragrafu 55 II n\u011bm. st\u00e1tn\u00ed smlouvy o rozhlasov\u00e9m vys\u00edl\u00e1n\u00ed:<\/strong><\/p><div style=\"text-align: left;\"><p>Thorsten Frank, zemsk\u00fd p\u0159edseda<\/p><\/div><div style=\"text-align: left;\">\u00a0<\/div>\t\t\t\t\t\t<\/div>\n\t\t\t\t<\/div>\n\t\t\t\t\t<\/div>\n\t\t<\/div>\n\t\t\t\t\t<\/div>\n\t\t<\/section>\n\t\t\t\t<\/div>\n\t\t","protected":false},"excerpt":{"rendered":"<p>IMPRESSUM Europa-Union Bayern e.V. Registra\u010dn\u00ed \u010d\u00edslo sdru\u017een\u00ed: VR4828 Adresa: Oberanger 32, 80331 Mnichov, N\u011bmeckoPo\u0161tovn\u00ed adresa: P.O. Box 330420, 80064 Mnichov Kontakt Evropsk\u00e1 hodnotov\u00e1 turistick\u00e1 stezka: werteweg@eu-bayern.de Osoba odpov\u011bdn\u00e1 za obsah podle paragrafu 55 II n\u011bm. st\u00e1tn\u00ed smlouvy o rozhlasov\u00e9m vys\u00edl\u00e1n\u00ed: Thorsten Frank, zemsk\u00fd p\u0159edseda \u00a0<\/p>\n","protected":false},"author":6,"featured_media":0,"parent":0,"menu_order":0,"comment_status":"closed","ping_status":"closed","template":"","meta":{"_acf_changed":false,"footnotes":""},"class_list":["post-4900","page","type-page","status-publish","hentry"],"acf":[],"_links":{"self":[{"href":"https:\/\/euwww.eu\/cs\/wp-json\/wp\/v2\/pages\/4900","targetHints":{"allow":["GET"]}}],"collection":[{"href":"https:\/\/euwww.eu\/cs\/wp-json\/wp\/v2\/pages"}],"about":[{"href":"https:\/\/euwww.eu\/cs\/wp-json\/wp\/v2\/types\/page"}],"author":[{"embeddable":true,"href":"https:\/\/euwww.eu\/cs\/wp-json\/wp\/v2\/users\/6"}],"replies":[{"embeddable":true,"href":"https:\/\/euwww.eu\/cs\/wp-json\/wp\/v2\/comments?post=4900"}],"version-history":[{"count":5,"href":"https:\/\/euwww.eu\/cs\/wp-json\/wp\/v2\/pages\/4900\/revisions"}],"predecessor-version":[{"id":5670,"href":"https:\/\/euwww.eu\/cs\/wp-json\/wp\/v2\/pages\/4900\/revisions\/5670"}],"wp:attachment":[{"href":"https:\/\/euwww.eu\/cs\/wp-json\/wp\/v2\/media?parent=4900"}],"curies":[{"name":"wp","href":"https:\/\/api.w.org\/{rel}","templated":true}]}}