
{"id":5024,"date":"2021-03-25T14:10:01","date_gmt":"2021-03-25T13:10:01","guid":{"rendered":"https:\/\/euwww.eu\/terminy\/"},"modified":"2024-02-01T12:27:41","modified_gmt":"2024-02-01T11:27:41","slug":"terminy","status":"publish","type":"page","link":"https:\/\/euwww.eu\/cs\/terminy\/","title":{"rendered":"Term\u00edny"},"content":{"rendered":"\t\t<div data-elementor-type=\"wp-page\" data-elementor-id=\"5024\" class=\"elementor elementor-5024 elementor-2085\" data-elementor-post-type=\"page\">\n\t\t\t\t\t\t<section class=\"elementor-section elementor-top-section elementor-element elementor-element-4fc60f4 elementor-section-boxed elementor-section-height-default elementor-section-height-default\" data-id=\"4fc60f4\" data-element_type=\"section\">\n\t\t\t\t\t\t<div class=\"elementor-container elementor-column-gap-default\">\n\t\t\t\t\t<div class=\"elementor-column elementor-col-100 elementor-top-column elementor-element elementor-element-a81162b\" data-id=\"a81162b\" data-element_type=\"column\">\n\t\t\t<div class=\"elementor-widget-wrap elementor-element-populated\">\n\t\t\t\t\t\t<div class=\"elementor-element elementor-element-057eff0 elementor-widget elementor-widget-heading\" data-id=\"057eff0\" data-element_type=\"widget\" data-widget_type=\"heading.default\">\n\t\t\t\t<div class=\"elementor-widget-container\">\n\t\t\t<h1 class=\"elementor-heading-title elementor-size-default\">Term\u00edny<\/h1>\t\t<\/div>\n\t\t\t\t<\/div>\n\t\t\t\t<div class=\"elementor-element elementor-element-fca8007 elementor-widget elementor-widget-text-editor\" data-id=\"fca8007\" data-element_type=\"widget\" data-widget_type=\"text-editor.default\">\n\t\t\t\t<div class=\"elementor-widget-container\">\n\t\t\t\t\t\t\t<p>Sou\u010dasn\u00e1 pozice:<\/p><p>Budouc\u00ed pozice:<\/p><p>Minul\u00e9 pozice:<\/p><p>02.10.-31.12.2021\u00a0\u00a0\u00a0 93444 Bad K\u00f6tzting, N\u011bmecko<\/p><p>29.03.-26.04.2022\u00a0\u00a0\u00a0 95030 Hof (Saale), N\u011bmecko<\/p><p>03.05.-23.05.2022\u00a0\u00a0\u00a0 46005 Liberec, \u010cesko\u00a0<\/p><p>25.05.-28.06.2022\u00a0\u00a0\u00a0 94145 Haidm\u00fchle, N\u011bmecko<\/p><p>02.07.-31.07.2022\u00a0\u00a0\u00a0 94152 Neuhaus am Inn, N\u011bmecko<\/p><p>08.08.-31.08.2022\u00a0\u00a0\u00a0 93087 Alteglofsheim, N\u011bmecko<\/p><p>06.09.-03.10.2022\u00a0 \u00a0 95643 Tirschenreuth, N\u011bmecko<\/p><p>06.10.-01.11.2022\u00a0\u00a0\u00a0 86150 Augsburg, N\u011bmecko<\/p><p>01.04.-28.05.2023 \u00a0\u00a0 93437 Furth im Wald, N\u011bmecko<\/p><p>02.06.-02.07.2023 \u00a0 95100 Selb, N\u011bmecko<\/p><p>06.07.-01.08.2023 \u00a0 94078 Freyung, N\u011bmecko<\/p><p>01.09.-31.10.2023\u00a0\u00a0 35733 Loket, \u010cesko<\/p>\t\t\t\t\t\t<\/div>\n\t\t\t\t<\/div>\n\t\t\t\t\t<\/div>\n\t\t<\/div>\n\t\t\t\t\t<\/div>\n\t\t<\/section>\n\t\t\t\t<\/div>\n\t\t","protected":false},"excerpt":{"rendered":"<p>Term\u00edny Sou\u010dasn\u00e1 pozice: Budouc\u00ed pozice: Minul\u00e9 pozice: 02.10.-31.12.2021\u00a0\u00a0\u00a0 93444 Bad K\u00f6tzting, N\u011bmecko 29.03.-26.04.2022\u00a0\u00a0\u00a0 95030 Hof (Saale), N\u011bmecko 03.05.-23.05.2022\u00a0\u00a0\u00a0 46005 Liberec, \u010cesko\u00a0 25.05.-28.06.2022\u00a0\u00a0\u00a0 94145 Haidm\u00fchle, N\u011bmecko 02.07.-31.07.2022\u00a0\u00a0\u00a0 94152 Neuhaus am Inn, N\u011bmecko 08.08.-31.08.2022\u00a0\u00a0\u00a0 93087 Alteglofsheim, N\u011bmecko 06.09.-03.10.2022\u00a0 \u00a0 95643 Tirschenreuth, N\u011bmecko 06.10.-01.11.2022\u00a0\u00a0\u00a0 86150 Augsburg, N\u011bmecko 01.04.-28.05.2023 \u00a0\u00a0 93437 Furth im Wald, N\u011bmecko 02.06.-02.07.2023 \u00a0 95100 Selb, [&hellip;]<\/p>\n","protected":false},"author":6,"featured_media":0,"parent":0,"menu_order":0,"comment_status":"closed","ping_status":"closed","template":"","meta":{"_acf_changed":false,"footnotes":""},"class_list":["post-5024","page","type-page","status-publish","hentry"],"acf":[],"_links":{"self":[{"href":"https:\/\/euwww.eu\/cs\/wp-json\/wp\/v2\/pages\/5024","targetHints":{"allow":["GET"]}}],"collection":[{"href":"https:\/\/euwww.eu\/cs\/wp-json\/wp\/v2\/pages"}],"about":[{"href":"https:\/\/euwww.eu\/cs\/wp-json\/wp\/v2\/types\/page"}],"author":[{"embeddable":true,"href":"https:\/\/euwww.eu\/cs\/wp-json\/wp\/v2\/users\/6"}],"replies":[{"embeddable":true,"href":"https:\/\/euwww.eu\/cs\/wp-json\/wp\/v2\/comments?post=5024"}],"version-history":[{"count":5,"href":"https:\/\/euwww.eu\/cs\/wp-json\/wp\/v2\/pages\/5024\/revisions"}],"predecessor-version":[{"id":6123,"href":"https:\/\/euwww.eu\/cs\/wp-json\/wp\/v2\/pages\/5024\/revisions\/6123"}],"wp:attachment":[{"href":"https:\/\/euwww.eu\/cs\/wp-json\/wp\/v2\/media?parent=5024"}],"curies":[{"name":"wp","href":"https:\/\/api.w.org\/{rel}","templated":true}]}}