
{"id":5164,"date":"2021-03-22T11:41:44","date_gmt":"2021-03-22T10:41:44","guid":{"rendered":"https:\/\/euwww.eu\/navigace-na-tabuli\/"},"modified":"2021-09-22T21:21:47","modified_gmt":"2021-09-22T19:21:47","slug":"navigace-na-tabuli","status":"publish","type":"page","link":"https:\/\/euwww.eu\/cs\/navigace-na-tabuli\/","title":{"rendered":"Navigace na tabuli"},"content":{"rendered":"\t\t<div data-elementor-type=\"wp-page\" data-elementor-id=\"5164\" class=\"elementor elementor-5164 elementor-1989\" data-elementor-post-type=\"page\">\n\t\t\t\t\t\t<section class=\"elementor-section elementor-top-section elementor-element elementor-element-aeda9f9 elementor-section-boxed elementor-section-height-default elementor-section-height-default\" data-id=\"aeda9f9\" data-element_type=\"section\">\n\t\t\t\t\t\t<div class=\"elementor-container elementor-column-gap-default\">\n\t\t\t\t\t<div class=\"elementor-column elementor-col-100 elementor-top-column elementor-element elementor-element-e8094c1\" data-id=\"e8094c1\" data-element_type=\"column\">\n\t\t\t<div class=\"elementor-widget-wrap elementor-element-populated\">\n\t\t\t\t\t\t<div class=\"elementor-element elementor-element-2a25011 elementor-widget elementor-widget-heading\" data-id=\"2a25011\" data-element_type=\"widget\" data-widget_type=\"heading.default\">\n\t\t\t\t<div class=\"elementor-widget-container\">\n\t\t\t<h1 class=\"elementor-heading-title elementor-size-default\">Na\u0161e tabule p\u0159ehledn\u011b<\/h1>\t\t<\/div>\n\t\t\t\t<\/div>\n\t\t\t\t\t<\/div>\n\t\t<\/div>\n\t\t\t\t\t<\/div>\n\t\t<\/section>\n\t\t\t\t<section class=\"elementor-section elementor-top-section elementor-element elementor-element-7300a45 elementor-section-boxed elementor-section-height-default elementor-section-height-default\" data-id=\"7300a45\" data-element_type=\"section\">\n\t\t\t\t\t\t<div class=\"elementor-container elementor-column-gap-default\">\n\t\t\t\t\t<div class=\"elementor-column elementor-col-50 elementor-top-column elementor-element elementor-element-96228e2\" data-id=\"96228e2\" data-element_type=\"column\">\n\t\t\t<div class=\"elementor-widget-wrap elementor-element-populated\">\n\t\t\t\t\t\t<div class=\"elementor-element elementor-element-b11a71f elementor-widget elementor-widget-image\" data-id=\"b11a71f\" data-element_type=\"widget\" data-widget_type=\"image.default\">\n\t\t\t\t<div class=\"elementor-widget-container\">\n\t\t\t\t\t\t\t\t\t\t\t\t\t\t<a href=\"https:\/\/euwww.eu\/cs\/vitejte\/obecne-informace-vitejte\/\">\n\t\t\t\t\t\t\t<img fetchpriority=\"high\" decoding=\"async\" width=\"693\" height=\"1024\" src=\"https:\/\/euwww.eu\/wp-content\/uploads\/0001-693x1024.jpg\" class=\"attachment-large size-large wp-image-4959\" alt=\"\" srcset=\"https:\/\/euwww.eu\/wp-content\/uploads\/0001-693x1024.jpg 693w, https:\/\/euwww.eu\/wp-content\/uploads\/0001-203x300.jpg 203w, https:\/\/euwww.eu\/wp-content\/uploads\/0001-768x1135.jpg 768w, https:\/\/euwww.eu\/wp-content\/uploads\/0001-1040x1536.jpg 1040w, https:\/\/euwww.eu\/wp-content\/uploads\/0001-1386x2048.jpg 1386w, https:\/\/euwww.eu\/wp-content\/uploads\/0001-scaled.jpg 1733w\" sizes=\"(max-width: 693px) 100vw, 693px\" \/>\t\t\t\t\t\t\t\t<\/a>\n\t\t\t\t\t\t\t\t\t\t\t\t\t<\/div>\n\t\t\t\t<\/div>\n\t\t\t\t\t<\/div>\n\t\t<\/div>\n\t\t\t\t<div class=\"elementor-column elementor-col-50 elementor-top-column elementor-element elementor-element-22cf467\" data-id=\"22cf467\" data-element_type=\"column\">\n\t\t\t<div class=\"elementor-widget-wrap elementor-element-populated\">\n\t\t\t\t\t\t<section class=\"elementor-section elementor-inner-section elementor-element elementor-element-3b4f19a elementor-section-boxed elementor-section-height-default elementor-section-height-default\" data-id=\"3b4f19a\" data-element_type=\"section\">\n\t\t\t\t\t\t<div class=\"elementor-container elementor-column-gap-default\">\n\t\t\t\t\t<div class=\"elementor-column elementor-col-50 elementor-inner-column elementor-element elementor-element-581573a\" data-id=\"581573a\" data-element_type=\"column\">\n\t\t\t<div class=\"elementor-widget-wrap elementor-element-populated\">\n\t\t\t\t\t\t<div class=\"elementor-element elementor-element-f85bd7c elementor-widget elementor-widget-image\" data-id=\"f85bd7c\" data-element_type=\"widget\" data-widget_type=\"image.default\">\n\t\t\t\t<div class=\"elementor-widget-container\">\n\t\t\t\t\t\t\t\t\t\t\t\t\t\t<a href=\"https:\/\/euwww.eu\/wertekatalog\/allgemeine-informationen-wertekatalog\/\">\n\t\t\t\t\t\t\t<img decoding=\"async\" width=\"800\" height=\"560\" src=\"https:\/\/euwww.eu\/wp-content\/uploads\/0001-1-1024x717.jpg\" class=\"attachment-large size-large wp-image-4961\" alt=\"\" srcset=\"https:\/\/euwww.eu\/wp-content\/uploads\/0001-1-1024x717.jpg 1024w, https:\/\/euwww.eu\/wp-content\/uploads\/0001-1-300x210.jpg 300w, https:\/\/euwww.eu\/wp-content\/uploads\/0001-1-768x538.jpg 768w, https:\/\/euwww.eu\/wp-content\/uploads\/0001-1-1536x1075.jpg 1536w, https:\/\/euwww.eu\/wp-content\/uploads\/0001-1-2048x1434.jpg 2048w\" sizes=\"(max-width: 800px) 100vw, 800px\" \/>\t\t\t\t\t\t\t\t<\/a>\n\t\t\t\t\t\t\t\t\t\t\t\t\t<\/div>\n\t\t\t\t<\/div>\n\t\t\t\t\t<\/div>\n\t\t<\/div>\n\t\t\t\t<div class=\"elementor-column elementor-col-50 elementor-inner-column elementor-element elementor-element-ba1be4a\" data-id=\"ba1be4a\" data-element_type=\"column\">\n\t\t\t<div class=\"elementor-widget-wrap elementor-element-populated\">\n\t\t\t\t\t\t<div class=\"elementor-element elementor-element-c7480b3 elementor-widget elementor-widget-image\" data-id=\"c7480b3\" data-element_type=\"widget\" data-widget_type=\"image.default\">\n\t\t\t\t<div class=\"elementor-widget-container\">\n\t\t\t\t\t\t\t\t\t\t\t\t\t\t<a href=\"https:\/\/euwww.eu\/grundrechte\/allgemeine-informationen-grundrechte-3\/\">\n\t\t\t\t\t\t\t<img decoding=\"async\" width=\"800\" height=\"560\" src=\"https:\/\/euwww.eu\/wp-content\/uploads\/0002-1024x717.jpg\" class=\"attachment-large size-large wp-image-4963\" alt=\"\" srcset=\"https:\/\/euwww.eu\/wp-content\/uploads\/0002-1024x717.jpg 1024w, https:\/\/euwww.eu\/wp-content\/uploads\/0002-300x210.jpg 300w, https:\/\/euwww.eu\/wp-content\/uploads\/0002-768x538.jpg 768w, https:\/\/euwww.eu\/wp-content\/uploads\/0002-1536x1075.jpg 1536w, https:\/\/euwww.eu\/wp-content\/uploads\/0002-2048x1434.jpg 2048w\" sizes=\"(max-width: 800px) 100vw, 800px\" \/>\t\t\t\t\t\t\t\t<\/a>\n\t\t\t\t\t\t\t\t\t\t\t\t\t<\/div>\n\t\t\t\t<\/div>\n\t\t\t\t\t<\/div>\n\t\t<\/div>\n\t\t\t\t\t<\/div>\n\t\t<\/section>\n\t\t\t\t<section class=\"elementor-section elementor-inner-section elementor-element elementor-element-23dfdb7 elementor-section-boxed elementor-section-height-default elementor-section-height-default\" data-id=\"23dfdb7\" data-element_type=\"section\">\n\t\t\t\t\t\t<div class=\"elementor-container elementor-column-gap-default\">\n\t\t\t\t\t<div class=\"elementor-column elementor-col-50 elementor-inner-column elementor-element elementor-element-f70043e\" data-id=\"f70043e\" data-element_type=\"column\">\n\t\t\t<div class=\"elementor-widget-wrap elementor-element-populated\">\n\t\t\t\t\t\t<div class=\"elementor-element elementor-element-0a18f69 elementor-widget elementor-widget-image\" data-id=\"0a18f69\" data-element_type=\"widget\" data-widget_type=\"image.default\">\n\t\t\t\t<div class=\"elementor-widget-container\">\n\t\t\t\t\t\t\t\t\t\t\t\t\t\t<a href=\"https:\/\/euwww.eu\/cs\/demokracie\/obecna-informacni-demokracie\/\">\n\t\t\t\t\t\t\t<img loading=\"lazy\" decoding=\"async\" width=\"800\" height=\"560\" src=\"https:\/\/euwww.eu\/wp-content\/uploads\/0003-1024x717.jpg\" class=\"attachment-large size-large wp-image-4912\" alt=\"\" srcset=\"https:\/\/euwww.eu\/wp-content\/uploads\/0003-1024x717.jpg 1024w, https:\/\/euwww.eu\/wp-content\/uploads\/0003-300x210.jpg 300w, https:\/\/euwww.eu\/wp-content\/uploads\/0003-768x538.jpg 768w, https:\/\/euwww.eu\/wp-content\/uploads\/0003-1536x1075.jpg 1536w, https:\/\/euwww.eu\/wp-content\/uploads\/0003-2048x1434.jpg 2048w\" sizes=\"(max-width: 800px) 100vw, 800px\" \/>\t\t\t\t\t\t\t\t<\/a>\n\t\t\t\t\t\t\t\t\t\t\t\t\t<\/div>\n\t\t\t\t<\/div>\n\t\t\t\t\t<\/div>\n\t\t<\/div>\n\t\t\t\t<div class=\"elementor-column elementor-col-50 elementor-inner-column elementor-element elementor-element-04d6af3\" data-id=\"04d6af3\" data-element_type=\"column\">\n\t\t\t<div class=\"elementor-widget-wrap elementor-element-populated\">\n\t\t\t\t\t\t<div class=\"elementor-element elementor-element-cbb22d7 elementor-widget elementor-widget-image\" data-id=\"cbb22d7\" data-element_type=\"widget\" data-widget_type=\"image.default\">\n\t\t\t\t<div class=\"elementor-widget-container\">\n\t\t\t\t\t\t\t\t\t\t\t\t\t\t<a href=\"https:\/\/euwww.eu\/rechtsstaatlichkeit\/allgemeine-informationen-rechtsstaatlichkeit\/\">\n\t\t\t\t\t\t\t<img loading=\"lazy\" decoding=\"async\" width=\"800\" height=\"560\" src=\"https:\/\/euwww.eu\/wp-content\/uploads\/0004-1024x717.jpg\" class=\"attachment-large size-large wp-image-4965\" alt=\"\" srcset=\"https:\/\/euwww.eu\/wp-content\/uploads\/0004-1024x717.jpg 1024w, https:\/\/euwww.eu\/wp-content\/uploads\/0004-300x210.jpg 300w, https:\/\/euwww.eu\/wp-content\/uploads\/0004-768x538.jpg 768w, https:\/\/euwww.eu\/wp-content\/uploads\/0004-1536x1075.jpg 1536w, https:\/\/euwww.eu\/wp-content\/uploads\/0004-2048x1434.jpg 2048w\" sizes=\"(max-width: 800px) 100vw, 800px\" \/>\t\t\t\t\t\t\t\t<\/a>\n\t\t\t\t\t\t\t\t\t\t\t\t\t<\/div>\n\t\t\t\t<\/div>\n\t\t\t\t\t<\/div>\n\t\t<\/div>\n\t\t\t\t\t<\/div>\n\t\t<\/section>\n\t\t\t\t\t<\/div>\n\t\t<\/div>\n\t\t\t\t\t<\/div>\n\t\t<\/section>\n\t\t\t\t<section class=\"elementor-section elementor-top-section elementor-element elementor-element-5579205 elementor-section-boxed elementor-section-height-default elementor-section-height-default\" data-id=\"5579205\" data-element_type=\"section\">\n\t\t\t\t\t\t<div class=\"elementor-container elementor-column-gap-default\">\n\t\t\t\t\t<div class=\"elementor-column elementor-col-33 elementor-top-column elementor-element elementor-element-4dd6c71\" data-id=\"4dd6c71\" data-element_type=\"column\">\n\t\t\t<div class=\"elementor-widget-wrap elementor-element-populated\">\n\t\t\t\t\t\t<div class=\"elementor-element elementor-element-70bc812 elementor-widget elementor-widget-image\" data-id=\"70bc812\" data-element_type=\"widget\" data-widget_type=\"image.default\">\n\t\t\t\t<div class=\"elementor-widget-container\">\n\t\t\t\t\t\t\t\t\t\t\t\t\t\t<a href=\"https:\/\/euwww.eu\/werteglobal\/allgemeine-informationen-werte-global\/\">\n\t\t\t\t\t\t\t<img loading=\"lazy\" decoding=\"async\" width=\"800\" height=\"560\" src=\"https:\/\/euwww.eu\/wp-content\/uploads\/0005-1024x717.jpg\" class=\"attachment-large size-large wp-image-4967\" alt=\"\" srcset=\"https:\/\/euwww.eu\/wp-content\/uploads\/0005-1024x717.jpg 1024w, https:\/\/euwww.eu\/wp-content\/uploads\/0005-300x210.jpg 300w, https:\/\/euwww.eu\/wp-content\/uploads\/0005-768x538.jpg 768w, https:\/\/euwww.eu\/wp-content\/uploads\/0005-1536x1075.jpg 1536w, https:\/\/euwww.eu\/wp-content\/uploads\/0005-2048x1434.jpg 2048w\" sizes=\"(max-width: 800px) 100vw, 800px\" \/>\t\t\t\t\t\t\t\t<\/a>\n\t\t\t\t\t\t\t\t\t\t\t\t\t<\/div>\n\t\t\t\t<\/div>\n\t\t\t\t\t<\/div>\n\t\t<\/div>\n\t\t\t\t<div class=\"elementor-column elementor-col-33 elementor-top-column elementor-element elementor-element-bab0db9\" data-id=\"bab0db9\" data-element_type=\"column\">\n\t\t\t<div class=\"elementor-widget-wrap elementor-element-populated\">\n\t\t\t\t\t\t<div class=\"elementor-element elementor-element-dbb247f elementor-widget elementor-widget-image\" data-id=\"dbb247f\" data-element_type=\"widget\" data-widget_type=\"image.default\">\n\t\t\t\t<div class=\"elementor-widget-container\">\n\t\t\t\t\t\t\t\t\t\t\t\t\t\t<a href=\"https:\/\/euwww.eu\/wertealltag\/allgemeine-informationen-wertealltag\/\">\n\t\t\t\t\t\t\t<img loading=\"lazy\" decoding=\"async\" width=\"800\" height=\"560\" src=\"https:\/\/euwww.eu\/wp-content\/uploads\/0006-1024x717.jpg\" class=\"attachment-large size-large wp-image-4969\" alt=\"\" srcset=\"https:\/\/euwww.eu\/wp-content\/uploads\/0006-1024x717.jpg 1024w, https:\/\/euwww.eu\/wp-content\/uploads\/0006-300x210.jpg 300w, https:\/\/euwww.eu\/wp-content\/uploads\/0006-768x538.jpg 768w, https:\/\/euwww.eu\/wp-content\/uploads\/0006-1536x1075.jpg 1536w, https:\/\/euwww.eu\/wp-content\/uploads\/0006-2048x1434.jpg 2048w\" sizes=\"(max-width: 800px) 100vw, 800px\" \/>\t\t\t\t\t\t\t\t<\/a>\n\t\t\t\t\t\t\t\t\t\t\t\t\t<\/div>\n\t\t\t\t<\/div>\n\t\t\t\t\t<\/div>\n\t\t<\/div>\n\t\t\t\t<div class=\"elementor-column elementor-col-33 elementor-top-column elementor-element elementor-element-ebc0a6f\" data-id=\"ebc0a6f\" data-element_type=\"column\">\n\t\t\t<div class=\"elementor-widget-wrap elementor-element-populated\">\n\t\t\t\t\t\t<div class=\"elementor-element elementor-element-2600552 elementor-widget elementor-widget-image\" data-id=\"2600552\" data-element_type=\"widget\" data-widget_type=\"image.default\">\n\t\t\t\t<div class=\"elementor-widget-container\">\n\t\t\t\t\t\t\t\t\t\t\t\t\t\t<a href=\"https:\/\/euwww.eu\/werteleben\/allgemeine-informationen-werteleben\/\">\n\t\t\t\t\t\t\t<img loading=\"lazy\" decoding=\"async\" width=\"800\" height=\"560\" src=\"https:\/\/euwww.eu\/wp-content\/uploads\/0007-1024x717.jpg\" class=\"attachment-large size-large wp-image-4971\" alt=\"\" srcset=\"https:\/\/euwww.eu\/wp-content\/uploads\/0007-1024x717.jpg 1024w, https:\/\/euwww.eu\/wp-content\/uploads\/0007-300x210.jpg 300w, https:\/\/euwww.eu\/wp-content\/uploads\/0007-768x538.jpg 768w, https:\/\/euwww.eu\/wp-content\/uploads\/0007-1536x1075.jpg 1536w, https:\/\/euwww.eu\/wp-content\/uploads\/0007-2048x1434.jpg 2048w\" sizes=\"(max-width: 800px) 100vw, 800px\" \/>\t\t\t\t\t\t\t\t<\/a>\n\t\t\t\t\t\t\t\t\t\t\t\t\t<\/div>\n\t\t\t\t<\/div>\n\t\t\t\t\t<\/div>\n\t\t<\/div>\n\t\t\t\t\t<\/div>\n\t\t<\/section>\n\t\t\t\t<\/div>\n\t\t","protected":false},"excerpt":{"rendered":"<p>Na\u0161e tabule p\u0159ehledn\u011b<\/p>\n","protected":false},"author":6,"featured_media":0,"parent":0,"menu_order":0,"comment_status":"closed","ping_status":"closed","template":"","meta":{"_acf_changed":false,"footnotes":""},"class_list":["post-5164","page","type-page","status-publish","hentry"],"acf":[],"_links":{"self":[{"href":"https:\/\/euwww.eu\/cs\/wp-json\/wp\/v2\/pages\/5164","targetHints":{"allow":["GET"]}}],"collection":[{"href":"https:\/\/euwww.eu\/cs\/wp-json\/wp\/v2\/pages"}],"about":[{"href":"https:\/\/euwww.eu\/cs\/wp-json\/wp\/v2\/types\/page"}],"author":[{"embeddable":true,"href":"https:\/\/euwww.eu\/cs\/wp-json\/wp\/v2\/users\/6"}],"replies":[{"embeddable":true,"href":"https:\/\/euwww.eu\/cs\/wp-json\/wp\/v2\/comments?post=5164"}],"version-history":[{"count":3,"href":"https:\/\/euwww.eu\/cs\/wp-json\/wp\/v2\/pages\/5164\/revisions"}],"predecessor-version":[{"id":5167,"href":"https:\/\/euwww.eu\/cs\/wp-json\/wp\/v2\/pages\/5164\/revisions\/5167"}],"wp:attachment":[{"href":"https:\/\/euwww.eu\/cs\/wp-json\/wp\/v2\/media?parent=5164"}],"curies":[{"name":"wp","href":"https:\/\/api.w.org\/{rel}","templated":true}]}}