
{"id":5172,"date":"2021-03-28T19:58:40","date_gmt":"2021-03-28T17:58:40","guid":{"rendered":"https:\/\/euwww.eu\/vzdelavaci-material-hodnota-zivot\/"},"modified":"2021-09-23T03:54:56","modified_gmt":"2021-09-23T01:54:56","slug":"vzdelavaci-material-hodnota-zivot","status":"publish","type":"page","link":"https:\/\/euwww.eu\/cs\/vzdelavaci-material-hodnota-zivot\/","title":{"rendered":"Vzd\u011bl\u00e1vac\u00ed materi\u00e1l Hodnota \u017divot"},"content":{"rendered":"\t\t<div data-elementor-type=\"wp-page\" data-elementor-id=\"5172\" class=\"elementor elementor-5172 elementor-3374\" data-elementor-post-type=\"page\">\n\t\t\t\t\t\t<section class=\"elementor-section elementor-top-section elementor-element elementor-element-843e64e elementor-section-full_width elementor-section-height-default elementor-section-height-default\" data-id=\"843e64e\" data-element_type=\"section\">\n\t\t\t\t\t\t<div class=\"elementor-container elementor-column-gap-default\">\n\t\t\t\t\t<div class=\"elementor-column elementor-col-100 elementor-top-column elementor-element elementor-element-2fcb775\" data-id=\"2fcb775\" data-element_type=\"column\">\n\t\t\t<div class=\"elementor-widget-wrap elementor-element-populated\">\n\t\t\t\t\t\t<div class=\"elementor-element elementor-element-58481c1 elementor-cta--skin-cover elementor-cta--valign-middle elementor-widget elementor-widget-call-to-action\" data-id=\"58481c1\" data-element_type=\"widget\" data-widget_type=\"call-to-action.default\">\n\t\t\t\t<div class=\"elementor-widget-container\">\n\t\t\t\t\t<div class=\"elementor-cta\" data-e-bg-lazyload=\".elementor-bg\">\n\t\t\t\t\t<div class=\"elementor-cta__bg-wrapper\">\n\t\t\t\t<div class=\"elementor-cta__bg elementor-bg\" style=\"background-image: var(--e-bg-lazyload-loaded); --e-bg-lazyload: url(https:\/\/euwww.eu\/wp-content\/uploads\/Hintergrund-2.jpg);\" role=\"img\" aria-label=\"Hintergrund-2\"><\/div>\n\t\t\t\t<div class=\"elementor-cta__bg-overlay\"><\/div>\n\t\t\t<\/div>\n\t\t\t\t\t\t\t<div class=\"elementor-cta__content\">\n\t\t\t\t\n\t\t\t\t\t\t\t\t\t<h2 class=\"elementor-cta__title elementor-cta__content-item elementor-content-item\">\n\t\t\t\t\t\tHodnota \u017divot\t\t\t\t\t<\/h2>\n\t\t\t\t\n\t\t\t\t\n\t\t\t\t\t\t\t<\/div>\n\t\t\t\t\t\t\t<div class=\"elementor-ribbon elementor-ribbon-left\">\n\t\t\t\t<div class=\"elementor-ribbon-inner\">Vzd\u011bl\u00e1vac\u00ed materi\u00e1l Hodnota \u017divot<\/div>\n\t\t\t<\/div>\n\t\t\t\t<\/div>\n\t\t\t\t<\/div>\n\t\t\t\t<\/div>\n\t\t\t\t\t<\/div>\n\t\t<\/div>\n\t\t\t\t\t<\/div>\n\t\t<\/section>\n\t\t\t\t<section class=\"elementor-section elementor-top-section elementor-element elementor-element-d62ba31 linkcolor elementor-section-boxed elementor-section-height-default elementor-section-height-default\" data-id=\"d62ba31\" data-element_type=\"section\">\n\t\t\t\t\t\t<div class=\"elementor-container elementor-column-gap-default\">\n\t\t\t\t\t<div class=\"elementor-column elementor-col-100 elementor-top-column elementor-element elementor-element-de59f4e\" data-id=\"de59f4e\" data-element_type=\"column\">\n\t\t\t<div class=\"elementor-widget-wrap elementor-element-populated\">\n\t\t\t\t\t\t<div class=\"elementor-element elementor-element-f8307e6 elementor-widget elementor-widget-heading\" data-id=\"f8307e6\" data-element_type=\"widget\" data-widget_type=\"heading.default\">\n\t\t\t\t<div class=\"elementor-widget-container\">\n\t\t\t<h2 class=\"elementor-heading-title elementor-size-default\">Informuj se o Evrop\u011b!<\/h2>\t\t<\/div>\n\t\t\t\t<\/div>\n\t\t\t\t<section class=\"elementor-section elementor-inner-section elementor-element elementor-element-6ca7cb0 elementor-section-boxed elementor-section-height-default elementor-section-height-default\" data-id=\"6ca7cb0\" data-element_type=\"section\">\n\t\t\t\t\t\t<div class=\"elementor-container elementor-column-gap-default\">\n\t\t\t\t\t<div class=\"elementor-column elementor-col-50 elementor-inner-column elementor-element elementor-element-24ae20d\" data-id=\"24ae20d\" data-element_type=\"column\">\n\t\t\t<div class=\"elementor-widget-wrap elementor-element-populated\">\n\t\t\t\t\t\t<div class=\"elementor-element elementor-element-26a471b elementor-widget elementor-widget-text-editor\" data-id=\"26a471b\" data-element_type=\"widget\" data-widget_type=\"text-editor.default\">\n\t\t\t\t<div class=\"elementor-widget-container\">\n\t\t\t\t\t\t\t<p><a href=\"https:\/\/europa.eu\/youth\/home_de\" target=\"_blank\" rel=\"noopener\">Evropsk\u00fd port\u00e1l pro ml\u00e1de\u017e<\/a> umo\u017e\u0148uje mlad\u00fdm lidem \u017eij\u00edc\u00edm v Evrop\u011b u\u010dit se a pracovat na p\u0159\u00edle\u017eitostech a iniciativ\u00e1ch na \u00farovni EU a na vnitrost\u00e1tn\u00ed \u00farovni.<\/p>\n<p>Kdy\u017e vstoup\u00edte na port\u00e1l, najdete zde kr\u00e1tk\u00e9 video (1:12 min.), kter\u00e9 v\u00e1m umo\u017en\u00ed nahl\u00e9dnout do p\u016fvodu, historie a aktu\u00e1ln\u00edho stavu EU a bude v\u00e1s inspirovat k \u00fa\u010dasti na utv\u00e1\u0159en\u00ed budoucnosti Evropy.<\/p>\n<p>Video je v angli\u010dtin\u011b, jazyk titulk\u016f si m\u016f\u017eete vybrat dole.<\/p>\n\t\t\t\t\t\t<\/div>\n\t\t\t\t<\/div>\n\t\t\t\t\t<\/div>\n\t\t<\/div>\n\t\t\t\t<div class=\"make-column-clickable-elementor elementor-column elementor-col-50 elementor-inner-column elementor-element elementor-element-3785206\" style=\"cursor: pointer;\" data-column-clickable=\"https:\/\/europa.eu\/youth\/home_de\" data-column-clickable-blank=\"_blank\" data-id=\"3785206\" data-element_type=\"column\">\n\t\t\t<div class=\"elementor-widget-wrap elementor-element-populated\">\n\t\t\t\t\t\t<div class=\"elementor-element elementor-element-10b4ab6 elementor-widget elementor-widget-heading\" data-id=\"10b4ab6\" data-element_type=\"widget\" data-widget_type=\"heading.default\">\n\t\t\t\t<div class=\"elementor-widget-container\">\n\t\t\t<h3 class=\"elementor-heading-title elementor-size-default\">Obsah evropsk\u00e9ho port\u00e1lu pro ml\u00e1de\u017e: <\/h3>\t\t<\/div>\n\t\t\t\t<\/div>\n\t\t\t\t<div class=\"elementor-element elementor-element-36e6c47 elementor-icon-list--layout-traditional elementor-list-item-link-full_width elementor-widget elementor-widget-icon-list\" data-id=\"36e6c47\" data-element_type=\"widget\" data-widget_type=\"icon-list.default\">\n\t\t\t\t<div class=\"elementor-widget-container\">\n\t\t\t\t\t<ul class=\"elementor-icon-list-items\">\n\t\t\t\t\t\t\t<li class=\"elementor-icon-list-item\">\n\t\t\t\t\t\t\t\t\t\t\t<span class=\"elementor-icon-list-icon\">\n\t\t\t\t\t\t\t<i aria-hidden=\"true\" class=\"fas fa-chevron-right\"><\/i>\t\t\t\t\t\t<\/span>\n\t\t\t\t\t\t\t\t\t\t<span class=\"elementor-icon-list-text\">Tematick\u00e9 str\u00e1nky t\u00fdkaj\u00edc\u00ed se politiky EU v oblasti ml\u00e1de\u017ee: \u201eZapojit se\u201c<\/span>\n\t\t\t\t\t\t\t\t\t<\/li>\n\t\t\t\t\t\t\t\t<li class=\"elementor-icon-list-item\">\n\t\t\t\t\t\t\t\t\t\t\t<span class=\"elementor-icon-list-icon\">\n\t\t\t\t\t\t\t<i aria-hidden=\"true\" class=\"fas fa-chevron-right\"><\/i>\t\t\t\t\t\t<\/span>\n\t\t\t\t\t\t\t\t\t\t<span class=\"elementor-icon-list-text\">Tematick\u00e9 str\u00e1nky o cestov\u00e1n\u00ed v zahrani\u010d\u00ed: \u201eVycestovat do zahrani\u010d\u00ed\u201c<\/span>\n\t\t\t\t\t\t\t\t\t<\/li>\n\t\t\t\t\t\t\t\t<li class=\"elementor-icon-list-item\">\n\t\t\t\t\t\t\t\t\t\t\t<span class=\"elementor-icon-list-icon\">\n\t\t\t\t\t\t\t<i aria-hidden=\"true\" class=\"fas fa-chevron-right\"><\/i>\t\t\t\t\t\t<\/span>\n\t\t\t\t\t\t\t\t\t\t<span class=\"elementor-icon-list-text\">Str\u00e1nky program\u016f nebo iniciativ financovan\u00fdch EU: \u201eIniciativy EU\u201c<\/span>\n\t\t\t\t\t\t\t\t\t<\/li>\n\t\t\t\t\t\t\t\t<li class=\"elementor-icon-list-item\">\n\t\t\t\t\t\t\t\t\t\t\t<span class=\"elementor-icon-list-icon\">\n\t\t\t\t\t\t\t<i aria-hidden=\"true\" class=\"fas fa-chevron-right\"><\/i>\t\t\t\t\t\t<\/span>\n\t\t\t\t\t\t\t\t\t\t<span class=\"elementor-icon-list-text\">Str\u00e1nky pro politiku ml\u00e1de\u017ee: \u201eStrategie EU pro ml\u00e1de\u017e\u201c<\/span>\n\t\t\t\t\t\t\t\t\t<\/li>\n\t\t\t\t\t\t<\/ul>\n\t\t\t\t<\/div>\n\t\t\t\t<\/div>\n\t\t\t\t\t<\/div>\n\t\t<\/div>\n\t\t\t\t\t<\/div>\n\t\t<\/section>\n\t\t\t\t\t<\/div>\n\t\t<\/div>\n\t\t\t\t\t<\/div>\n\t\t<\/section>\n\t\t\t\t<section class=\"elementor-section elementor-top-section elementor-element elementor-element-f668fd5 elementor-section-height-min-height elementor-section-items-stretch linkcolor elementor-section-boxed elementor-section-height-default\" data-id=\"f668fd5\" data-element_type=\"section\" data-settings=\"{&quot;background_background&quot;:&quot;classic&quot;}\">\n\t\t\t\t\t\t<div class=\"elementor-container elementor-column-gap-default\">\n\t\t\t\t\t<div class=\"elementor-column elementor-col-50 elementor-top-column elementor-element elementor-element-f98783c\" data-id=\"f98783c\" data-element_type=\"column\">\n\t\t\t<div class=\"elementor-widget-wrap elementor-element-populated\">\n\t\t\t\t\t\t<div class=\"elementor-element elementor-element-2e9cf80 elementor-widget elementor-widget-heading\" data-id=\"2e9cf80\" data-element_type=\"widget\" data-widget_type=\"heading.default\">\n\t\t\t\t<div class=\"elementor-widget-container\">\n\t\t\t<h2 class=\"elementor-heading-title elementor-size-default\">EVROPSK\u00c9 OSOBNOSTI [ARTIG]<\/h2>\t\t<\/div>\n\t\t\t\t<\/div>\n\t\t\t\t<div class=\"elementor-element elementor-element-1e647a0 elementor-widget elementor-widget-text-editor\" data-id=\"1e647a0\" data-element_type=\"widget\" data-widget_type=\"text-editor.default\">\n\t\t\t\t<div class=\"elementor-widget-container\">\n\t\t\t\t\t\t\t<p>V abecedn\u00edm po\u0159ad\u00ed jsou zde p\u0159edstaveny \u010detn\u00e9 inspiruj\u00edc\u00ed <a href=\"https:\/\/europa.eu\/youth\/nnfe\/inspiring-people_de\" target=\"_blank\" rel=\"noopener\">evropsk\u00e9 osobnosti<\/a>, od popov\u00e9 skupiny <strong>A<\/strong>BBA a <strong>A<\/strong>ngely Merkelov\u00e9 p\u0159es <strong>M<\/strong>arii Montessori a <strong>M<\/strong>arii Curie-Sklodowskou, <strong>R<\/strong>oberta Lewandowsk\u00e9ho a <strong>R<\/strong>oberta Schumana a\u017e po <strong>W<\/strong>illiama Shakespeara a <strong>W<\/strong>instona Churchilla.<\/p>\n\t\t\t\t\t\t<\/div>\n\t\t\t\t<\/div>\n\t\t\t\t\t<\/div>\n\t\t<\/div>\n\t\t\t\t<div class=\"elementor-column elementor-col-50 elementor-top-column elementor-element elementor-element-f9bf4d4\" data-id=\"f9bf4d4\" data-element_type=\"column\">\n\t\t\t<div class=\"elementor-widget-wrap elementor-element-populated\">\n\t\t\t\t\t\t<div class=\"elementor-element elementor-element-38a3ee6 elementor-widget elementor-widget-image\" data-id=\"38a3ee6\" data-element_type=\"widget\" data-widget_type=\"image.default\">\n\t\t\t\t<div class=\"elementor-widget-container\">\n\t\t\t\t\t\t\t\t\t\t\t\t\t\t<a href=\"https:\/\/euwww.eu\/wp-content\/uploads\/grossartige_europaer.png\" data-elementor-open-lightbox=\"yes\" data-elementor-lightbox-title=\"grossartige_europaer\" data-e-action-hash=\"#elementor-action%3Aaction%3Dlightbox%26settings%3DeyJpZCI6NTE3NywidXJsIjoiaHR0cHM6XC9cL2V1d3d3LmV1XC93cC1jb250ZW50XC91cGxvYWRzXC9ncm9zc2FydGlnZV9ldXJvcGFlci5wbmcifQ%3D%3D\">\n\t\t\t\t\t\t\t<img fetchpriority=\"high\" decoding=\"async\" width=\"800\" height=\"546\" src=\"https:\/\/euwww.eu\/wp-content\/uploads\/grossartige_europaer-1024x699.png\" class=\"attachment-large size-large wp-image-5177\" alt=\"\" srcset=\"https:\/\/euwww.eu\/wp-content\/uploads\/grossartige_europaer-1024x699.png 1024w, https:\/\/euwww.eu\/wp-content\/uploads\/grossartige_europaer-300x205.png 300w, https:\/\/euwww.eu\/wp-content\/uploads\/grossartige_europaer-768x524.png 768w, https:\/\/euwww.eu\/wp-content\/uploads\/grossartige_europaer.png 1272w\" sizes=\"(max-width: 800px) 100vw, 800px\" \/>\t\t\t\t\t\t\t\t<\/a>\n\t\t\t\t\t\t\t\t\t\t\t\t\t<\/div>\n\t\t\t\t<\/div>\n\t\t\t\t<div class=\"elementor-element elementor-element-b858064 elementor-widget elementor-widget-text-editor\" data-id=\"b858064\" data-element_type=\"widget\" data-widget_type=\"text-editor.default\">\n\t\t\t\t<div class=\"elementor-widget-container\">\n\t\t\t\t\t\t\t<p>Zdroj obr\u00e1zk\u016f: <a href=\"https:\/\/europa.eu\/youth\/nnfe\/inspiring-people_de\">Evropsk\u00fd port\u00e1l ml\u00e1de\u017ee<\/a><\/p>\n\t\t\t\t\t\t<\/div>\n\t\t\t\t<\/div>\n\t\t\t\t\t<\/div>\n\t\t<\/div>\n\t\t\t\t\t<\/div>\n\t\t<\/section>\n\t\t\t\t<section class=\"elementor-section elementor-top-section elementor-element elementor-element-e4000e0 linkcolor elementor-section-boxed elementor-section-height-default elementor-section-height-default\" data-id=\"e4000e0\" data-element_type=\"section\">\n\t\t\t\t\t\t<div class=\"elementor-container elementor-column-gap-default\">\n\t\t\t\t\t<div class=\"elementor-column elementor-col-100 elementor-top-column elementor-element elementor-element-adecf1d\" data-id=\"adecf1d\" data-element_type=\"column\">\n\t\t\t<div class=\"elementor-widget-wrap elementor-element-populated\">\n\t\t\t\t\t\t<div class=\"elementor-element elementor-element-e885ccc elementor-widget elementor-widget-heading\" data-id=\"e885ccc\" data-element_type=\"widget\" data-widget_type=\"heading.default\">\n\t\t\t\t<div class=\"elementor-widget-container\">\n\t\t\t<h2 class=\"elementor-heading-title elementor-size-default\">M\u016f\u017ee\u0161 utv\u00e1\u0159et Evropu! <\/h2>\t\t<\/div>\n\t\t\t\t<\/div>\n\t\t\t\t<div class=\"elementor-element elementor-element-aeb399e elementor-widget elementor-widget-text-editor\" data-id=\"aeb399e\" data-element_type=\"widget\" data-widget_type=\"text-editor.default\">\n\t\t\t\t<div class=\"elementor-widget-container\">\n\t\t\t\t\t\t\t<p><strong>jsmespolu.eu <\/strong> je celoevropsk\u00e1 komunita, kter\u00e1 podporuje a zve ka\u017ed\u00e9ho, aby se <strong>zapojil <\/strong>do utv\u00e1\u0159en\u00ed <strong>lep\u0161\u00ed budoucnosti<\/strong> v Evropsk\u00e9 unii.<\/p>\n\t\t\t\t\t\t<\/div>\n\t\t\t\t<\/div>\n\t\t\t\t<section class=\"elementor-section elementor-inner-section elementor-element elementor-element-5350b40 elementor-section-boxed elementor-section-height-default elementor-section-height-default\" data-id=\"5350b40\" data-element_type=\"section\" data-settings=\"{&quot;background_background&quot;:&quot;classic&quot;}\">\n\t\t\t\t\t\t<div class=\"elementor-container elementor-column-gap-default\">\n\t\t\t\t\t<div class=\"elementor-column elementor-col-50 elementor-inner-column elementor-element elementor-element-cb70465\" data-id=\"cb70465\" data-element_type=\"column\">\n\t\t\t<div class=\"elementor-widget-wrap elementor-element-populated\">\n\t\t\t\t\t\t<div class=\"elementor-element elementor-element-7530766 elementor-widget elementor-widget-image\" data-id=\"7530766\" data-element_type=\"widget\" data-widget_type=\"image.default\">\n\t\t\t\t<div class=\"elementor-widget-container\">\n\t\t\t\t\t\t\t\t\t\t\t\t\t<img decoding=\"async\" width=\"150\" height=\"150\" src=\"https:\/\/euwww.eu\/wp-content\/uploads\/Gesicht-1-3-1-1-150x150.jpg\" class=\"attachment-thumbnail size-thumbnail wp-image-5060\" alt=\"\" \/>\t\t\t\t\t\t\t\t\t\t\t\t\t<\/div>\n\t\t\t\t<\/div>\n\t\t\t\t\t<\/div>\n\t\t<\/div>\n\t\t\t\t<div class=\"elementor-column elementor-col-50 elementor-inner-column elementor-element elementor-element-7e99a85\" data-id=\"7e99a85\" data-element_type=\"column\">\n\t\t\t<div class=\"elementor-widget-wrap elementor-element-populated\">\n\t\t\t\t\t\t<div class=\"elementor-element elementor-element-d193e77 elementor-widget elementor-widget-text-editor\" data-id=\"d193e77\" data-element_type=\"widget\" data-widget_type=\"text-editor.default\">\n\t\t\t\t<div class=\"elementor-widget-container\">\n\t\t\t\t\t\t\t<p>\u201eM\u016f\u017eete se <a href=\"https:\/\/together.europarl.europa.eu\/de\/\" target=\"_blank\" rel=\"noopener\">zde <\/a>p\u0159ihl\u00e1sit jako \u010dlen t\u00e9to \u00fa\u017easn\u00e9 komunity.&#8221;<\/p>\n\t\t\t\t\t\t<\/div>\n\t\t\t\t<\/div>\n\t\t\t\t\t<\/div>\n\t\t<\/div>\n\t\t\t\t\t<\/div>\n\t\t<\/section>\n\t\t\t\t<section class=\"elementor-section elementor-inner-section elementor-element elementor-element-3fa444c elementor-section-boxed elementor-section-height-default elementor-section-height-default\" data-id=\"3fa444c\" data-element_type=\"section\" data-settings=\"{&quot;background_background&quot;:&quot;classic&quot;}\">\n\t\t\t\t\t\t<div class=\"elementor-container elementor-column-gap-default\">\n\t\t\t\t\t<div class=\"elementor-column elementor-col-50 elementor-inner-column elementor-element elementor-element-4624b08\" data-id=\"4624b08\" data-element_type=\"column\">\n\t\t\t<div class=\"elementor-widget-wrap elementor-element-populated\">\n\t\t\t\t\t\t<div class=\"elementor-element elementor-element-9e7d334 elementor-widget elementor-widget-image\" data-id=\"9e7d334\" data-element_type=\"widget\" data-widget_type=\"image.default\">\n\t\t\t\t<div class=\"elementor-widget-container\">\n\t\t\t\t\t\t\t\t\t\t\t\t\t<img decoding=\"async\" width=\"150\" height=\"150\" src=\"https:\/\/euwww.eu\/wp-content\/uploads\/Gesicht-3-3-1-150x150.jpg\" class=\"attachment-thumbnail size-thumbnail wp-image-5038\" alt=\"\" \/>\t\t\t\t\t\t\t\t\t\t\t\t\t<\/div>\n\t\t\t\t<\/div>\n\t\t\t\t\t<\/div>\n\t\t<\/div>\n\t\t\t\t<div class=\"elementor-column elementor-col-50 elementor-inner-column elementor-element elementor-element-1be8ed2\" data-id=\"1be8ed2\" data-element_type=\"column\">\n\t\t\t<div class=\"elementor-widget-wrap elementor-element-populated\">\n\t\t\t\t\t\t<div class=\"elementor-element elementor-element-1d90f9c elementor-widget elementor-widget-text-editor\" data-id=\"1d90f9c\" data-element_type=\"widget\" data-widget_type=\"text-editor.default\">\n\t\t\t\t<div class=\"elementor-widget-container\">\n\t\t\t\t\t\t\t<p>\u201eM\u00e1te po maturit\u011b a nev\u00edte, co d\u00e1l? Pot\u0159ebujete se nejprve rozkoukat, m\u00edt \u010das na cestov\u00e1n\u00ed nebo st\u00e1\u017e?\u201c<\/p>\n\t\t\t\t\t\t<\/div>\n\t\t\t\t<\/div>\n\t\t\t\t\t<\/div>\n\t\t<\/div>\n\t\t\t\t\t<\/div>\n\t\t<\/section>\n\t\t\t\t<section class=\"elementor-section elementor-inner-section elementor-element elementor-element-376ed97 elementor-section-boxed elementor-section-height-default elementor-section-height-default\" data-id=\"376ed97\" data-element_type=\"section\" data-settings=\"{&quot;background_background&quot;:&quot;classic&quot;}\">\n\t\t\t\t\t\t<div class=\"elementor-container elementor-column-gap-default\">\n\t\t\t\t\t<div class=\"elementor-column elementor-col-50 elementor-inner-column elementor-element elementor-element-2b012cd\" data-id=\"2b012cd\" data-element_type=\"column\">\n\t\t\t<div class=\"elementor-widget-wrap elementor-element-populated\">\n\t\t\t\t\t\t<div class=\"elementor-element elementor-element-aa95639 elementor-widget elementor-widget-image\" data-id=\"aa95639\" data-element_type=\"widget\" data-widget_type=\"image.default\">\n\t\t\t\t<div class=\"elementor-widget-container\">\n\t\t\t\t\t\t\t\t\t\t\t\t\t<img loading=\"lazy\" decoding=\"async\" width=\"150\" height=\"150\" src=\"https:\/\/euwww.eu\/wp-content\/uploads\/Gesicht-2-3-150x150.jpg\" class=\"attachment-thumbnail size-thumbnail wp-image-5036\" alt=\"\" \/>\t\t\t\t\t\t\t\t\t\t\t\t\t<\/div>\n\t\t\t\t<\/div>\n\t\t\t\t\t<\/div>\n\t\t<\/div>\n\t\t\t\t<div class=\"elementor-column elementor-col-50 elementor-inner-column elementor-element elementor-element-ea4aeb0\" data-id=\"ea4aeb0\" data-element_type=\"column\">\n\t\t\t<div class=\"elementor-widget-wrap elementor-element-populated\">\n\t\t\t\t\t\t<div class=\"elementor-element elementor-element-496a84f elementor-widget elementor-widget-text-editor\" data-id=\"496a84f\" data-element_type=\"widget\" data-widget_type=\"text-editor.default\">\n\t\t\t\t<div class=\"elementor-widget-container\">\n\t\t\t\t\t\t\t<p>\u201eNebo se chcete zapojit? Nap\u0159\u00edklad do dobrovolnick\u00e9 slu\u017eby? M\u00e1te k tomu p\u0159\u00edle\u017eitost v <a href=\"https:\/\/ec.europa.eu\/germany\/about-us\/reasons\/solidaritycorps_de\" target=\"_blank\" rel=\"noopener\"><strong>Evropsk\u00e9m sboru solidarity<\/strong><\/a>.\u201c<\/p>\n\t\t\t\t\t\t<\/div>\n\t\t\t\t<\/div>\n\t\t\t\t\t<\/div>\n\t\t<\/div>\n\t\t\t\t\t<\/div>\n\t\t<\/section>\n\t\t\t\t\t<\/div>\n\t\t<\/div>\n\t\t\t\t\t<\/div>\n\t\t<\/section>\n\t\t\t\t<\/div>\n\t\t","protected":false},"excerpt":{"rendered":"<p>Hodnota \u017divot Informuj se o Evrop\u011b! Evropsk\u00fd port\u00e1l pro ml\u00e1de\u017e umo\u017e\u0148uje mlad\u00fdm lidem \u017eij\u00edc\u00edm v Evrop\u011b u\u010dit se a pracovat na p\u0159\u00edle\u017eitostech a iniciativ\u00e1ch na \u00farovni EU a na vnitrost\u00e1tn\u00ed \u00farovni. Kdy\u017e vstoup\u00edte na port\u00e1l, najdete zde kr\u00e1tk\u00e9 video (1:12 min.), kter\u00e9 v\u00e1m umo\u017en\u00ed nahl\u00e9dnout do p\u016fvodu, historie a aktu\u00e1ln\u00edho stavu EU a bude v\u00e1s [&hellip;]<\/p>\n","protected":false},"author":6,"featured_media":0,"parent":0,"menu_order":0,"comment_status":"closed","ping_status":"closed","template":"","meta":{"_acf_changed":false,"footnotes":""},"class_list":["post-5172","page","type-page","status-publish","hentry"],"acf":[],"_links":{"self":[{"href":"https:\/\/euwww.eu\/cs\/wp-json\/wp\/v2\/pages\/5172","targetHints":{"allow":["GET"]}}],"collection":[{"href":"https:\/\/euwww.eu\/cs\/wp-json\/wp\/v2\/pages"}],"about":[{"href":"https:\/\/euwww.eu\/cs\/wp-json\/wp\/v2\/types\/page"}],"author":[{"embeddable":true,"href":"https:\/\/euwww.eu\/cs\/wp-json\/wp\/v2\/users\/6"}],"replies":[{"embeddable":true,"href":"https:\/\/euwww.eu\/cs\/wp-json\/wp\/v2\/comments?post=5172"}],"version-history":[{"count":5,"href":"https:\/\/euwww.eu\/cs\/wp-json\/wp\/v2\/pages\/5172\/revisions"}],"predecessor-version":[{"id":5193,"href":"https:\/\/euwww.eu\/cs\/wp-json\/wp\/v2\/pages\/5172\/revisions\/5193"}],"wp:attachment":[{"href":"https:\/\/euwww.eu\/cs\/wp-json\/wp\/v2\/media?parent=5172"}],"curies":[{"name":"wp","href":"https:\/\/api.w.org\/{rel}","templated":true}]}}