
{"id":5393,"date":"2021-01-29T14:08:57","date_gmt":"2021-01-29T13:08:57","guid":{"rendered":"https:\/\/euwww.eu\/pravni-stat\/"},"modified":"2021-09-28T00:53:46","modified_gmt":"2021-09-27T22:53:46","slug":"pravni-stat","status":"publish","type":"page","link":"https:\/\/euwww.eu\/cs\/pravni-stat\/","title":{"rendered":"Pr\u00e1vn\u00ed st\u00e1t"},"content":{"rendered":"\t\t<div data-elementor-type=\"wp-page\" data-elementor-id=\"5393\" class=\"elementor elementor-5393 elementor-52\" data-elementor-post-type=\"page\">\n\t\t\t\t\t\t<section class=\"elementor-section elementor-top-section elementor-element elementor-element-36be340 elementor-section-boxed elementor-section-height-default elementor-section-height-default\" data-id=\"36be340\" data-element_type=\"section\">\n\t\t\t\t\t\t<div class=\"elementor-container elementor-column-gap-default\">\n\t\t\t\t\t<div class=\"elementor-column elementor-col-100 elementor-top-column elementor-element elementor-element-f31de7a\" data-id=\"f31de7a\" data-element_type=\"column\">\n\t\t\t<div class=\"elementor-widget-wrap elementor-element-populated\">\n\t\t\t\t\t\t<div class=\"elementor-element elementor-element-1b5164a elementor-widget elementor-widget-heading\" data-id=\"1b5164a\" data-element_type=\"widget\" data-widget_type=\"heading.default\">\n\t\t\t\t<div class=\"elementor-widget-container\">\n\t\t\t<h2 class=\"elementor-heading-title elementor-size-default\">Pr\u00e1vn\u00ed st\u00e1t<\/h2>\t\t<\/div>\n\t\t\t\t<\/div>\n\t\t\t\t<section class=\"elementor-section elementor-inner-section elementor-element elementor-element-a2079f1 elementor-section-boxed elementor-section-height-default elementor-section-height-default\" data-id=\"a2079f1\" data-element_type=\"section\">\n\t\t\t\t\t\t<div class=\"elementor-container elementor-column-gap-default\">\n\t\t\t\t\t<div class=\"elementor-column elementor-col-50 elementor-inner-column elementor-element elementor-element-821206a\" data-id=\"821206a\" data-element_type=\"column\">\n\t\t\t<div class=\"elementor-widget-wrap elementor-element-populated\">\n\t\t\t\t\t\t<div class=\"elementor-element elementor-element-2c4d237 elementor-widget elementor-widget-image\" data-id=\"2c4d237\" data-element_type=\"widget\" data-widget_type=\"image.default\">\n\t\t\t\t<div class=\"elementor-widget-container\">\n\t\t\t\t\t\t\t\t\t\t\t\t\t\t<a href=\"https:\/\/euwww.eu\/cs\/obecne-informace-o-pravnim-state\/\">\n\t\t\t\t\t\t\t<img fetchpriority=\"high\" decoding=\"async\" width=\"800\" height=\"634\" src=\"https:\/\/euwww.eu\/wp-content\/uploads\/Karteikarte-1-1024x812.png\" class=\"attachment-large size-large wp-image-4908\" alt=\"\" srcset=\"https:\/\/euwww.eu\/wp-content\/uploads\/Karteikarte-1-1024x812.png 1024w, https:\/\/euwww.eu\/wp-content\/uploads\/Karteikarte-1-300x238.png 300w, https:\/\/euwww.eu\/wp-content\/uploads\/Karteikarte-1-768x609.png 768w, https:\/\/euwww.eu\/wp-content\/uploads\/Karteikarte-1.png 1280w\" sizes=\"(max-width: 800px) 100vw, 800px\" \/>\t\t\t\t\t\t\t\t<\/a>\n\t\t\t\t\t\t\t\t\t\t\t\t\t<\/div>\n\t\t\t\t<\/div>\n\t\t\t\t\t<\/div>\n\t\t<\/div>\n\t\t\t\t<div class=\"elementor-column elementor-col-50 elementor-inner-column elementor-element elementor-element-6c5cd39\" data-id=\"6c5cd39\" data-element_type=\"column\">\n\t\t\t<div class=\"elementor-widget-wrap elementor-element-populated\">\n\t\t\t\t\t\t<div class=\"elementor-element elementor-element-0b53a57 elementor-widget elementor-widget-image\" data-id=\"0b53a57\" data-element_type=\"widget\" data-widget_type=\"image.default\">\n\t\t\t\t<div class=\"elementor-widget-container\">\n\t\t\t\t\t\t\t\t\t\t\t\t\t\t<a href=\"https:\/\/euwww.eu\/cs\/vzdelavaci-material-pravni-stat\/\">\n\t\t\t\t\t\t\t<img decoding=\"async\" width=\"800\" height=\"547\" src=\"https:\/\/euwww.eu\/wp-content\/uploads\/Schultmaterial-1-1024x700.png\" class=\"attachment-large size-large wp-image-4910\" alt=\"\" srcset=\"https:\/\/euwww.eu\/wp-content\/uploads\/Schultmaterial-1-1024x700.png 1024w, https:\/\/euwww.eu\/wp-content\/uploads\/Schultmaterial-1-300x205.png 300w, https:\/\/euwww.eu\/wp-content\/uploads\/Schultmaterial-1-768x525.png 768w, https:\/\/euwww.eu\/wp-content\/uploads\/Schultmaterial-1-1536x1050.png 1536w, https:\/\/euwww.eu\/wp-content\/uploads\/Schultmaterial-1.png 1920w\" sizes=\"(max-width: 800px) 100vw, 800px\" \/>\t\t\t\t\t\t\t\t<\/a>\n\t\t\t\t\t\t\t\t\t\t\t\t\t<\/div>\n\t\t\t\t<\/div>\n\t\t\t\t\t<\/div>\n\t\t<\/div>\n\t\t\t\t\t<\/div>\n\t\t<\/section>\n\t\t\t\t\t<\/div>\n\t\t<\/div>\n\t\t\t\t\t<\/div>\n\t\t<\/section>\n\t\t\t\t<\/div>\n\t\t","protected":false},"excerpt":{"rendered":"<p>Pr\u00e1vn\u00ed st\u00e1t<\/p>\n","protected":false},"author":1,"featured_media":0,"parent":0,"menu_order":0,"comment_status":"closed","ping_status":"closed","template":"","meta":{"_acf_changed":false,"footnotes":""},"class_list":["post-5393","page","type-page","status-publish","hentry"],"acf":[],"_links":{"self":[{"href":"https:\/\/euwww.eu\/cs\/wp-json\/wp\/v2\/pages\/5393","targetHints":{"allow":["GET"]}}],"collection":[{"href":"https:\/\/euwww.eu\/cs\/wp-json\/wp\/v2\/pages"}],"about":[{"href":"https:\/\/euwww.eu\/cs\/wp-json\/wp\/v2\/types\/page"}],"author":[{"embeddable":true,"href":"https:\/\/euwww.eu\/cs\/wp-json\/wp\/v2\/users\/1"}],"replies":[{"embeddable":true,"href":"https:\/\/euwww.eu\/cs\/wp-json\/wp\/v2\/comments?post=5393"}],"version-history":[{"count":3,"href":"https:\/\/euwww.eu\/cs\/wp-json\/wp\/v2\/pages\/5393\/revisions"}],"predecessor-version":[{"id":5396,"href":"https:\/\/euwww.eu\/cs\/wp-json\/wp\/v2\/pages\/5393\/revisions\/5396"}],"wp:attachment":[{"href":"https:\/\/euwww.eu\/cs\/wp-json\/wp\/v2\/media?parent=5393"}],"curies":[{"name":"wp","href":"https:\/\/api.w.org\/{rel}","templated":true}]}}