
{"id":5402,"date":"2021-03-22T11:42:17","date_gmt":"2021-03-22T10:42:17","guid":{"rendered":"https:\/\/euwww.eu\/vzdelavaci-materialy\/"},"modified":"2021-10-01T12:34:36","modified_gmt":"2021-10-01T10:34:36","slug":"vzdelavaci-materialy","status":"publish","type":"page","link":"https:\/\/euwww.eu\/cs\/vzdelavaci-materialy\/","title":{"rendered":"Vzd\u011bl\u00e1vac\u00ed materi\u00e1ly"},"content":{"rendered":"\t\t<div data-elementor-type=\"wp-page\" data-elementor-id=\"5402\" class=\"elementor elementor-5402 elementor-1992\" data-elementor-post-type=\"page\">\n\t\t\t\t\t\t<section class=\"elementor-section elementor-top-section elementor-element elementor-element-2fe72ae elementor-section-boxed elementor-section-height-default elementor-section-height-default\" data-id=\"2fe72ae\" data-element_type=\"section\">\n\t\t\t\t\t\t<div class=\"elementor-container elementor-column-gap-default\">\n\t\t\t\t\t<div class=\"elementor-column elementor-col-100 elementor-top-column elementor-element elementor-element-d8a8ea4\" data-id=\"d8a8ea4\" data-element_type=\"column\">\n\t\t\t<div class=\"elementor-widget-wrap elementor-element-populated\">\n\t\t\t\t\t\t<div class=\"elementor-element elementor-element-23b539e elementor-widget elementor-widget-heading\" data-id=\"23b539e\" data-element_type=\"widget\" data-widget_type=\"heading.default\">\n\t\t\t\t<div class=\"elementor-widget-container\">\n\t\t\t<h1 class=\"elementor-heading-title elementor-size-default\">P\u0159ehled vzd\u011bl\u00e1vac\u00ed materi\u00e1ly<\/h1>\t\t<\/div>\n\t\t\t\t<\/div>\n\t\t\t\t\t<\/div>\n\t\t<\/div>\n\t\t\t\t\t<\/div>\n\t\t<\/section>\n\t\t\t\t<section class=\"elementor-section elementor-top-section elementor-element elementor-element-8613e87 elementor-section-boxed elementor-section-height-default elementor-section-height-default\" data-id=\"8613e87\" data-element_type=\"section\">\n\t\t\t\t\t\t<div class=\"elementor-container elementor-column-gap-default\">\n\t\t\t\t\t<div class=\"elementor-column elementor-col-50 elementor-top-column elementor-element elementor-element-8d88790\" data-id=\"8d88790\" data-element_type=\"column\">\n\t\t\t<div class=\"elementor-widget-wrap elementor-element-populated\">\n\t\t\t\t\t\t<div class=\"elementor-element elementor-element-4c126b1 elementor-widget elementor-widget-image\" data-id=\"4c126b1\" data-element_type=\"widget\" data-widget_type=\"image.default\">\n\t\t\t\t<div class=\"elementor-widget-container\">\n\t\t\t\t\t\t\t\t\t\t\t\t\t\t<a href=\"https:\/\/euwww.eu\/cs\/vitejte\/vzdelavaci-materialy\/\">\n\t\t\t\t\t\t\t<img fetchpriority=\"high\" decoding=\"async\" width=\"693\" height=\"1024\" src=\"https:\/\/euwww.eu\/wp-content\/uploads\/0001-693x1024.jpg\" class=\"attachment-large size-large wp-image-4959\" alt=\"\" srcset=\"https:\/\/euwww.eu\/wp-content\/uploads\/0001-693x1024.jpg 693w, https:\/\/euwww.eu\/wp-content\/uploads\/0001-203x300.jpg 203w, https:\/\/euwww.eu\/wp-content\/uploads\/0001-768x1135.jpg 768w, https:\/\/euwww.eu\/wp-content\/uploads\/0001-1040x1536.jpg 1040w, https:\/\/euwww.eu\/wp-content\/uploads\/0001-1386x2048.jpg 1386w, https:\/\/euwww.eu\/wp-content\/uploads\/0001-scaled.jpg 1733w\" sizes=\"(max-width: 693px) 100vw, 693px\" \/>\t\t\t\t\t\t\t\t<\/a>\n\t\t\t\t\t\t\t\t\t\t\t\t\t<\/div>\n\t\t\t\t<\/div>\n\t\t\t\t\t<\/div>\n\t\t<\/div>\n\t\t\t\t<div class=\"elementor-column elementor-col-50 elementor-top-column elementor-element elementor-element-40c29d0\" data-id=\"40c29d0\" data-element_type=\"column\">\n\t\t\t<div class=\"elementor-widget-wrap elementor-element-populated\">\n\t\t\t\t\t\t<section class=\"elementor-section elementor-inner-section elementor-element elementor-element-6922c31 elementor-section-boxed elementor-section-height-default elementor-section-height-default\" data-id=\"6922c31\" data-element_type=\"section\">\n\t\t\t\t\t\t<div class=\"elementor-container elementor-column-gap-default\">\n\t\t\t\t\t<div class=\"elementor-column elementor-col-50 elementor-inner-column elementor-element elementor-element-9616f37\" data-id=\"9616f37\" data-element_type=\"column\">\n\t\t\t<div class=\"elementor-widget-wrap elementor-element-populated\">\n\t\t\t\t\t\t<div class=\"elementor-element elementor-element-b8f8763 elementor-widget elementor-widget-image\" data-id=\"b8f8763\" data-element_type=\"widget\" data-widget_type=\"image.default\">\n\t\t\t\t<div class=\"elementor-widget-container\">\n\t\t\t\t\t\t\t\t\t\t\t\t\t\t<a href=\"https:\/\/euwww.eu\/cs\/katalog-hodnot\/vzdelavaci-material-katalog-hodnot\/\">\n\t\t\t\t\t\t\t<img decoding=\"async\" width=\"800\" height=\"560\" src=\"https:\/\/euwww.eu\/wp-content\/uploads\/0001-1-1024x717.jpg\" class=\"attachment-large size-large wp-image-4961\" alt=\"\" srcset=\"https:\/\/euwww.eu\/wp-content\/uploads\/0001-1-1024x717.jpg 1024w, https:\/\/euwww.eu\/wp-content\/uploads\/0001-1-300x210.jpg 300w, https:\/\/euwww.eu\/wp-content\/uploads\/0001-1-768x538.jpg 768w, https:\/\/euwww.eu\/wp-content\/uploads\/0001-1-1536x1075.jpg 1536w, https:\/\/euwww.eu\/wp-content\/uploads\/0001-1-2048x1434.jpg 2048w\" sizes=\"(max-width: 800px) 100vw, 800px\" \/>\t\t\t\t\t\t\t\t<\/a>\n\t\t\t\t\t\t\t\t\t\t\t\t\t<\/div>\n\t\t\t\t<\/div>\n\t\t\t\t\t<\/div>\n\t\t<\/div>\n\t\t\t\t<div class=\"elementor-column elementor-col-50 elementor-inner-column elementor-element elementor-element-e903e9d\" data-id=\"e903e9d\" data-element_type=\"column\">\n\t\t\t<div class=\"elementor-widget-wrap elementor-element-populated\">\n\t\t\t\t\t\t<div class=\"elementor-element elementor-element-5554838 elementor-widget elementor-widget-image\" data-id=\"5554838\" data-element_type=\"widget\" data-widget_type=\"image.default\">\n\t\t\t\t<div class=\"elementor-widget-container\">\n\t\t\t\t\t\t\t\t\t\t\t\t\t\t<a href=\"https:\/\/euwww.eu\/cs\/zakladni-prava\/vzdelavaci-material-zakladni-prava\/\">\n\t\t\t\t\t\t\t<img decoding=\"async\" width=\"800\" height=\"560\" src=\"https:\/\/euwww.eu\/wp-content\/uploads\/0002-1024x717.jpg\" class=\"attachment-large size-large wp-image-4963\" alt=\"\" srcset=\"https:\/\/euwww.eu\/wp-content\/uploads\/0002-1024x717.jpg 1024w, https:\/\/euwww.eu\/wp-content\/uploads\/0002-300x210.jpg 300w, https:\/\/euwww.eu\/wp-content\/uploads\/0002-768x538.jpg 768w, https:\/\/euwww.eu\/wp-content\/uploads\/0002-1536x1075.jpg 1536w, https:\/\/euwww.eu\/wp-content\/uploads\/0002-2048x1434.jpg 2048w\" sizes=\"(max-width: 800px) 100vw, 800px\" \/>\t\t\t\t\t\t\t\t<\/a>\n\t\t\t\t\t\t\t\t\t\t\t\t\t<\/div>\n\t\t\t\t<\/div>\n\t\t\t\t\t<\/div>\n\t\t<\/div>\n\t\t\t\t\t<\/div>\n\t\t<\/section>\n\t\t\t\t<section class=\"elementor-section elementor-inner-section elementor-element elementor-element-16bbdd3 elementor-section-boxed elementor-section-height-default elementor-section-height-default\" data-id=\"16bbdd3\" data-element_type=\"section\">\n\t\t\t\t\t\t<div class=\"elementor-container elementor-column-gap-default\">\n\t\t\t\t\t<div class=\"elementor-column elementor-col-50 elementor-inner-column elementor-element elementor-element-0c33b79\" data-id=\"0c33b79\" data-element_type=\"column\">\n\t\t\t<div class=\"elementor-widget-wrap elementor-element-populated\">\n\t\t\t\t\t\t<div class=\"elementor-element elementor-element-572fc42 elementor-widget elementor-widget-image\" data-id=\"572fc42\" data-element_type=\"widget\" data-widget_type=\"image.default\">\n\t\t\t\t<div class=\"elementor-widget-container\">\n\t\t\t\t\t\t\t\t\t\t\t\t\t\t<a href=\"https:\/\/euwww.eu\/cs\/demokracie\/vzdelavaci-material-pro-demokracii-v-eu\/\">\n\t\t\t\t\t\t\t<img loading=\"lazy\" decoding=\"async\" width=\"800\" height=\"560\" src=\"https:\/\/euwww.eu\/wp-content\/uploads\/0003-1024x717.jpg\" class=\"attachment-large size-large wp-image-4912\" alt=\"\" srcset=\"https:\/\/euwww.eu\/wp-content\/uploads\/0003-1024x717.jpg 1024w, https:\/\/euwww.eu\/wp-content\/uploads\/0003-300x210.jpg 300w, https:\/\/euwww.eu\/wp-content\/uploads\/0003-768x538.jpg 768w, https:\/\/euwww.eu\/wp-content\/uploads\/0003-1536x1075.jpg 1536w, https:\/\/euwww.eu\/wp-content\/uploads\/0003-2048x1434.jpg 2048w\" sizes=\"(max-width: 800px) 100vw, 800px\" \/>\t\t\t\t\t\t\t\t<\/a>\n\t\t\t\t\t\t\t\t\t\t\t\t\t<\/div>\n\t\t\t\t<\/div>\n\t\t\t\t\t<\/div>\n\t\t<\/div>\n\t\t\t\t<div class=\"elementor-column elementor-col-50 elementor-inner-column elementor-element elementor-element-3757df2\" data-id=\"3757df2\" data-element_type=\"column\">\n\t\t\t<div class=\"elementor-widget-wrap elementor-element-populated\">\n\t\t\t\t\t\t<div class=\"elementor-element elementor-element-3466f99 elementor-widget elementor-widget-image\" data-id=\"3466f99\" data-element_type=\"widget\" data-widget_type=\"image.default\">\n\t\t\t\t<div class=\"elementor-widget-container\">\n\t\t\t\t\t\t\t\t\t\t\t\t\t\t<a href=\"https:\/\/euwww.eu\/cs\/pravni-stat\/vzdelavaci-material-pravni-stat\/\">\n\t\t\t\t\t\t\t<img loading=\"lazy\" decoding=\"async\" width=\"800\" height=\"560\" src=\"https:\/\/euwww.eu\/wp-content\/uploads\/0004-1024x717.jpg\" class=\"attachment-large size-large wp-image-4965\" alt=\"\" srcset=\"https:\/\/euwww.eu\/wp-content\/uploads\/0004-1024x717.jpg 1024w, https:\/\/euwww.eu\/wp-content\/uploads\/0004-300x210.jpg 300w, https:\/\/euwww.eu\/wp-content\/uploads\/0004-768x538.jpg 768w, https:\/\/euwww.eu\/wp-content\/uploads\/0004-1536x1075.jpg 1536w, https:\/\/euwww.eu\/wp-content\/uploads\/0004-2048x1434.jpg 2048w\" sizes=\"(max-width: 800px) 100vw, 800px\" \/>\t\t\t\t\t\t\t\t<\/a>\n\t\t\t\t\t\t\t\t\t\t\t\t\t<\/div>\n\t\t\t\t<\/div>\n\t\t\t\t\t<\/div>\n\t\t<\/div>\n\t\t\t\t\t<\/div>\n\t\t<\/section>\n\t\t\t\t\t<\/div>\n\t\t<\/div>\n\t\t\t\t\t<\/div>\n\t\t<\/section>\n\t\t\t\t<section class=\"elementor-section elementor-top-section elementor-element elementor-element-a5613de elementor-section-boxed elementor-section-height-default elementor-section-height-default\" data-id=\"a5613de\" data-element_type=\"section\">\n\t\t\t\t\t\t<div class=\"elementor-container elementor-column-gap-default\">\n\t\t\t\t\t<div class=\"elementor-column elementor-col-33 elementor-top-column elementor-element elementor-element-ef3274e\" data-id=\"ef3274e\" data-element_type=\"column\">\n\t\t\t<div class=\"elementor-widget-wrap elementor-element-populated\">\n\t\t\t\t\t\t<div class=\"elementor-element elementor-element-7a8182b elementor-widget elementor-widget-image\" data-id=\"7a8182b\" data-element_type=\"widget\" data-widget_type=\"image.default\">\n\t\t\t\t<div class=\"elementor-widget-container\">\n\t\t\t\t\t\t\t\t\t\t\t\t\t\t<a href=\"https:\/\/euwww.eu\/cs\/globalni-hodnoty\/vzdelavaci-material-globalni-hodnoty\/\">\n\t\t\t\t\t\t\t<img loading=\"lazy\" decoding=\"async\" width=\"800\" height=\"560\" src=\"https:\/\/euwww.eu\/wp-content\/uploads\/0005-1024x717.jpg\" class=\"attachment-large size-large wp-image-4967\" alt=\"\" srcset=\"https:\/\/euwww.eu\/wp-content\/uploads\/0005-1024x717.jpg 1024w, https:\/\/euwww.eu\/wp-content\/uploads\/0005-300x210.jpg 300w, https:\/\/euwww.eu\/wp-content\/uploads\/0005-768x538.jpg 768w, https:\/\/euwww.eu\/wp-content\/uploads\/0005-1536x1075.jpg 1536w, https:\/\/euwww.eu\/wp-content\/uploads\/0005-2048x1434.jpg 2048w\" sizes=\"(max-width: 800px) 100vw, 800px\" \/>\t\t\t\t\t\t\t\t<\/a>\n\t\t\t\t\t\t\t\t\t\t\t\t\t<\/div>\n\t\t\t\t<\/div>\n\t\t\t\t\t<\/div>\n\t\t<\/div>\n\t\t\t\t<div class=\"elementor-column elementor-col-33 elementor-top-column elementor-element elementor-element-1ab8ceb\" data-id=\"1ab8ceb\" data-element_type=\"column\">\n\t\t\t<div class=\"elementor-widget-wrap elementor-element-populated\">\n\t\t\t\t\t\t<div class=\"elementor-element elementor-element-fe5598a elementor-widget elementor-widget-image\" data-id=\"fe5598a\" data-element_type=\"widget\" data-widget_type=\"image.default\">\n\t\t\t\t<div class=\"elementor-widget-container\">\n\t\t\t\t\t\t\t\t\t\t\t\t\t\t<a href=\"https:\/\/euwww.eu\/cs\/hodnoty-v-kazdodennim-zivote\/vzdelavaci-material-hodnoty-v-kazdodennim-zivote\/\">\n\t\t\t\t\t\t\t<img loading=\"lazy\" decoding=\"async\" width=\"800\" height=\"560\" src=\"https:\/\/euwww.eu\/wp-content\/uploads\/0006-1024x717.jpg\" class=\"attachment-large size-large wp-image-4969\" alt=\"\" srcset=\"https:\/\/euwww.eu\/wp-content\/uploads\/0006-1024x717.jpg 1024w, https:\/\/euwww.eu\/wp-content\/uploads\/0006-300x210.jpg 300w, https:\/\/euwww.eu\/wp-content\/uploads\/0006-768x538.jpg 768w, https:\/\/euwww.eu\/wp-content\/uploads\/0006-1536x1075.jpg 1536w, https:\/\/euwww.eu\/wp-content\/uploads\/0006-2048x1434.jpg 2048w\" sizes=\"(max-width: 800px) 100vw, 800px\" \/>\t\t\t\t\t\t\t\t<\/a>\n\t\t\t\t\t\t\t\t\t\t\t\t\t<\/div>\n\t\t\t\t<\/div>\n\t\t\t\t\t<\/div>\n\t\t<\/div>\n\t\t\t\t<div class=\"elementor-column elementor-col-33 elementor-top-column elementor-element elementor-element-8267615\" data-id=\"8267615\" data-element_type=\"column\">\n\t\t\t<div class=\"elementor-widget-wrap elementor-element-populated\">\n\t\t\t\t\t\t<div class=\"elementor-element elementor-element-27b0e16 elementor-widget elementor-widget-image\" data-id=\"27b0e16\" data-element_type=\"widget\" data-widget_type=\"image.default\">\n\t\t\t\t<div class=\"elementor-widget-container\">\n\t\t\t\t\t\t\t\t\t\t\t\t\t\t<a href=\"https:\/\/euwww.eu\/cs\/vzdelavaci-material-hodnota-zivot\/\">\n\t\t\t\t\t\t\t<img loading=\"lazy\" decoding=\"async\" width=\"800\" height=\"560\" src=\"https:\/\/euwww.eu\/wp-content\/uploads\/0007-1024x717.jpg\" class=\"attachment-large size-large wp-image-4971\" alt=\"\" srcset=\"https:\/\/euwww.eu\/wp-content\/uploads\/0007-1024x717.jpg 1024w, https:\/\/euwww.eu\/wp-content\/uploads\/0007-300x210.jpg 300w, https:\/\/euwww.eu\/wp-content\/uploads\/0007-768x538.jpg 768w, https:\/\/euwww.eu\/wp-content\/uploads\/0007-1536x1075.jpg 1536w, https:\/\/euwww.eu\/wp-content\/uploads\/0007-2048x1434.jpg 2048w\" sizes=\"(max-width: 800px) 100vw, 800px\" \/>\t\t\t\t\t\t\t\t<\/a>\n\t\t\t\t\t\t\t\t\t\t\t\t\t<\/div>\n\t\t\t\t<\/div>\n\t\t\t\t\t<\/div>\n\t\t<\/div>\n\t\t\t\t\t<\/div>\n\t\t<\/section>\n\t\t\t\t<\/div>\n\t\t","protected":false},"excerpt":{"rendered":"<p>P\u0159ehled vzd\u011bl\u00e1vac\u00ed materi\u00e1ly<\/p>\n","protected":false},"author":6,"featured_media":0,"parent":0,"menu_order":0,"comment_status":"closed","ping_status":"closed","template":"","meta":{"_acf_changed":false,"footnotes":""},"class_list":["post-5402","page","type-page","status-publish","hentry"],"acf":[],"_links":{"self":[{"href":"https:\/\/euwww.eu\/cs\/wp-json\/wp\/v2\/pages\/5402","targetHints":{"allow":["GET"]}}],"collection":[{"href":"https:\/\/euwww.eu\/cs\/wp-json\/wp\/v2\/pages"}],"about":[{"href":"https:\/\/euwww.eu\/cs\/wp-json\/wp\/v2\/types\/page"}],"author":[{"embeddable":true,"href":"https:\/\/euwww.eu\/cs\/wp-json\/wp\/v2\/users\/6"}],"replies":[{"embeddable":true,"href":"https:\/\/euwww.eu\/cs\/wp-json\/wp\/v2\/comments?post=5402"}],"version-history":[{"count":5,"href":"https:\/\/euwww.eu\/cs\/wp-json\/wp\/v2\/pages\/5402\/revisions"}],"predecessor-version":[{"id":5435,"href":"https:\/\/euwww.eu\/cs\/wp-json\/wp\/v2\/pages\/5402\/revisions\/5435"}],"wp:attachment":[{"href":"https:\/\/euwww.eu\/cs\/wp-json\/wp\/v2\/media?parent=5402"}],"curies":[{"name":"wp","href":"https:\/\/api.w.org\/{rel}","templated":true}]}}