
{"id":5413,"date":"2021-01-29T14:10:25","date_gmt":"2021-01-29T13:10:25","guid":{"rendered":"https:\/\/euwww.eu\/hodnoty-v-kazdodennim-zivote\/"},"modified":"2021-09-28T01:26:32","modified_gmt":"2021-09-27T23:26:32","slug":"hodnoty-v-kazdodennim-zivote","status":"publish","type":"page","link":"https:\/\/euwww.eu\/cs\/hodnoty-v-kazdodennim-zivote\/","title":{"rendered":"Hodnoty v ka\u017edodenn\u00edm \u017eivot\u011b"},"content":{"rendered":"\t\t<div data-elementor-type=\"wp-page\" data-elementor-id=\"5413\" class=\"elementor elementor-5413 elementor-57\" data-elementor-post-type=\"page\">\n\t\t\t\t\t\t<section class=\"elementor-section elementor-top-section elementor-element elementor-element-96c0379 elementor-section-boxed elementor-section-height-default elementor-section-height-default\" data-id=\"96c0379\" data-element_type=\"section\">\n\t\t\t\t\t\t<div class=\"elementor-container elementor-column-gap-default\">\n\t\t\t\t\t<div class=\"elementor-column elementor-col-100 elementor-top-column elementor-element elementor-element-816694c\" data-id=\"816694c\" data-element_type=\"column\">\n\t\t\t<div class=\"elementor-widget-wrap elementor-element-populated\">\n\t\t\t\t\t\t<div class=\"elementor-element elementor-element-60776d8 elementor-widget elementor-widget-heading\" data-id=\"60776d8\" data-element_type=\"widget\" data-widget_type=\"heading.default\">\n\t\t\t\t<div class=\"elementor-widget-container\">\n\t\t\t<h2 class=\"elementor-heading-title elementor-size-default\">Hodnoty v ka\u017edodenn\u00edm \u017eivot\u011b<\/h2>\t\t<\/div>\n\t\t\t\t<\/div>\n\t\t\t\t<section class=\"elementor-section elementor-inner-section elementor-element elementor-element-253a0c4 elementor-section-boxed elementor-section-height-default elementor-section-height-default\" data-id=\"253a0c4\" data-element_type=\"section\">\n\t\t\t\t\t\t<div class=\"elementor-container elementor-column-gap-default\">\n\t\t\t\t\t<div class=\"elementor-column elementor-col-50 elementor-inner-column elementor-element elementor-element-fb198cc\" data-id=\"fb198cc\" data-element_type=\"column\">\n\t\t\t<div class=\"elementor-widget-wrap elementor-element-populated\">\n\t\t\t\t\t\t<div class=\"elementor-element elementor-element-e96c40e elementor-widget elementor-widget-image\" data-id=\"e96c40e\" data-element_type=\"widget\" data-widget_type=\"image.default\">\n\t\t\t\t<div class=\"elementor-widget-container\">\n\t\t\t\t\t\t\t\t\t\t\t\t\t\t<a href=\"https:\/\/euwww.eu\/cs\/obecne-informace-kazdodenni-hodnoty\/\">\n\t\t\t\t\t\t\t<img fetchpriority=\"high\" decoding=\"async\" width=\"800\" height=\"634\" src=\"https:\/\/euwww.eu\/wp-content\/uploads\/Karteikarte-1-1024x812.png\" class=\"attachment-large size-large wp-image-4908\" alt=\"\" srcset=\"https:\/\/euwww.eu\/wp-content\/uploads\/Karteikarte-1-1024x812.png 1024w, https:\/\/euwww.eu\/wp-content\/uploads\/Karteikarte-1-300x238.png 300w, https:\/\/euwww.eu\/wp-content\/uploads\/Karteikarte-1-768x609.png 768w, https:\/\/euwww.eu\/wp-content\/uploads\/Karteikarte-1.png 1280w\" sizes=\"(max-width: 800px) 100vw, 800px\" \/>\t\t\t\t\t\t\t\t<\/a>\n\t\t\t\t\t\t\t\t\t\t\t\t\t<\/div>\n\t\t\t\t<\/div>\n\t\t\t\t\t<\/div>\n\t\t<\/div>\n\t\t\t\t<div class=\"elementor-column elementor-col-50 elementor-inner-column elementor-element elementor-element-b6f8268\" data-id=\"b6f8268\" data-element_type=\"column\">\n\t\t\t<div class=\"elementor-widget-wrap elementor-element-populated\">\n\t\t\t\t\t\t<div class=\"elementor-element elementor-element-440c009 elementor-widget elementor-widget-image\" data-id=\"440c009\" data-element_type=\"widget\" data-widget_type=\"image.default\">\n\t\t\t\t<div class=\"elementor-widget-container\">\n\t\t\t\t\t\t\t\t\t\t\t\t\t\t<a href=\"https:\/\/euwww.eu\/cs\/vzdelavaci-material-hodnoty-v-kazdodennim-zivote\/\">\n\t\t\t\t\t\t\t<img decoding=\"async\" width=\"800\" height=\"547\" src=\"https:\/\/euwww.eu\/wp-content\/uploads\/Schultmaterial-1-1024x700.png\" class=\"attachment-large size-large wp-image-4910\" alt=\"\" srcset=\"https:\/\/euwww.eu\/wp-content\/uploads\/Schultmaterial-1-1024x700.png 1024w, https:\/\/euwww.eu\/wp-content\/uploads\/Schultmaterial-1-300x205.png 300w, https:\/\/euwww.eu\/wp-content\/uploads\/Schultmaterial-1-768x525.png 768w, https:\/\/euwww.eu\/wp-content\/uploads\/Schultmaterial-1-1536x1050.png 1536w, https:\/\/euwww.eu\/wp-content\/uploads\/Schultmaterial-1.png 1920w\" sizes=\"(max-width: 800px) 100vw, 800px\" \/>\t\t\t\t\t\t\t\t<\/a>\n\t\t\t\t\t\t\t\t\t\t\t\t\t<\/div>\n\t\t\t\t<\/div>\n\t\t\t\t\t<\/div>\n\t\t<\/div>\n\t\t\t\t\t<\/div>\n\t\t<\/section>\n\t\t\t\t\t<\/div>\n\t\t<\/div>\n\t\t\t\t\t<\/div>\n\t\t<\/section>\n\t\t\t\t<\/div>\n\t\t","protected":false},"excerpt":{"rendered":"<p>Hodnoty v ka\u017edodenn\u00edm \u017eivot\u011b<\/p>\n","protected":false},"author":1,"featured_media":0,"parent":0,"menu_order":0,"comment_status":"closed","ping_status":"closed","template":"","meta":{"_acf_changed":false,"footnotes":""},"class_list":["post-5413","page","type-page","status-publish","hentry"],"acf":[],"_links":{"self":[{"href":"https:\/\/euwww.eu\/cs\/wp-json\/wp\/v2\/pages\/5413","targetHints":{"allow":["GET"]}}],"collection":[{"href":"https:\/\/euwww.eu\/cs\/wp-json\/wp\/v2\/pages"}],"about":[{"href":"https:\/\/euwww.eu\/cs\/wp-json\/wp\/v2\/types\/page"}],"author":[{"embeddable":true,"href":"https:\/\/euwww.eu\/cs\/wp-json\/wp\/v2\/users\/1"}],"replies":[{"embeddable":true,"href":"https:\/\/euwww.eu\/cs\/wp-json\/wp\/v2\/comments?post=5413"}],"version-history":[{"count":3,"href":"https:\/\/euwww.eu\/cs\/wp-json\/wp\/v2\/pages\/5413\/revisions"}],"predecessor-version":[{"id":5416,"href":"https:\/\/euwww.eu\/cs\/wp-json\/wp\/v2\/pages\/5413\/revisions\/5416"}],"wp:attachment":[{"href":"https:\/\/euwww.eu\/cs\/wp-json\/wp\/v2\/media?parent=5413"}],"curies":[{"name":"wp","href":"https:\/\/api.w.org\/{rel}","templated":true}]}}